{"id":150,"date":"2013-08-06T20:13:19","date_gmt":"2013-08-06T20:13:19","guid":{"rendered":"http:\/\/localhost:8888\/test\/?page_id=17"},"modified":"2013-08-06T20:13:19","modified_gmt":"2013-08-06T20:13:19","slug":"classic-shop","status":"publish","type":"page","link":"https:\/\/kb.lagonet.vn\/?page_id=150","title":{"rendered":"TRANG CH\u1ee6"},"content":{"rendered":"<p>[ux_slider]<\/p>\n<p>[ux_banner height=&#8221;600px&#8221; bg=&#8221;1116&#8243; bg_overlay=&#8221;rgba(0, 0, 0, 0.02)&#8221; bg_pos=&#8221;58% 63%&#8221;]<\/p>\n<p>[text_box width=&#8221;76&#8243; width__sm=&#8221;100&#8243; animate=&#8221;flipInY&#8221; position_x=&#8221;50&#8243; position_y=&#8221;50&#8243;]<\/p>\n<h3 class=\"alt-font\">Cu\u1ed1i c\u00f9ng n\u00f3 \u0111\u00e3 b\u1eaft \u0111\u1ea7u&#8230;<\/h3>\n<p>[divider margin=&#8221;3px&#8221;]<\/p>\n<h1 class=\"h-large uppercase\"><span style=\"font-size: 160%;\"><strong>\u01afU \u0110\u00c3I C\u1ef0C L\u1edaN<\/strong><\/span><\/h1>\n<h1 class=\"uppercase\"><span style=\"font-size: 100%;\">L\u00caN T\u1edaI <strong>70% OFF<\/strong><\/span><\/h1>\n<p>[divider]<\/p>\n<p>[button text=&#8221;Shop men&#8221; color=&#8221;white&#8221; style=&#8221;outline&#8221; link=&#8221;#&#8221;]<\/p>\n<p>[button text=&#8221;Shop women&#8221; color=&#8221;white&#8221; style=&#8221;outline&#8221; link=&#8221;#&#8221;]<\/p>\n<p>[button text=&#8221;Shop all&#8221; color=&#8221;white&#8221; style=&#8221;outline&#8221; link=&#8221;#&#8221;]<\/p>\n<p>[\/text_box]<\/p>\n<p>[\/ux_banner]<br \/>\n[ux_banner height=&#8221;600px&#8221; bg=&#8221;1118&#8243; bg_overlay=&#8221;rgba(0, 0, 0, 0.03)&#8221; bg_pos=&#8221;72% 6%&#8221;]<\/p>\n<p>[text_box text_color=&#8221;dark&#8221; width=&#8221;40&#8243; width__sm=&#8221;85&#8243; animate=&#8221;fadeInLeft&#8221; position_x=&#8221;10&#8243; position_x__sm=&#8221;50&#8243; position_y=&#8221;50&#8243;]<\/p>\n<h3 class=\"alt-font\">Mens\u00a0Clothing<\/h3>\n<h2 class=\"uppercase\" data-animate=\"fadeInLeft\" data-animated=\"true\"><strong>Hot Summer Fashion<\/strong><\/h2>\n<h3><strong>From 19$<\/strong><\/h3>\n<p>[divider]<\/p>\n<p>[button text=&#8221;Shop now&#8221; style=&#8221;outline&#8221;]<\/p>\n<p>[\/text_box]<\/p>\n<p>[\/ux_banner]<br \/>\n[ux_banner height=&#8221;600px&#8221; bg=&#8221;69&#8243; bg_overlay=&#8221;rgba(0, 0, 0, 0.03)&#8221; bg_pos=&#8221;57% 49%&#8221; video_mp4=&#8221;https:\/\/lagonet.vn\/wp-content\/uploads\/2018\/07\/Classic Shop &#8211; Flatsome.mp4&#8243;]<\/p>\n<p>[text_box text_color=&#8221;dark&#8221; width=&#8221;40&#8243; width__sm=&#8221;84&#8243; animate=&#8221;fadeInLeft&#8221; position_x=&#8221;10&#8243; position_y=&#8221;50&#8243; text_align=&#8221;left&#8221;]<\/p>\n<h3 class=\"alt-font\">Tham kh\u1ea3o<\/h3>\n<h2 class=\"uppercase\" data-animate=\"fadeInLeft\" data-animated=\"true\" data-animated=\"true\"><strong>D\u1ecaCH V\u1ee4 T\u1ed0T KH\u00d4NG NG\u1eeaNG V\u01af\u01a0N XA<\/strong><\/h2>\n<p>[divider align=&#8221;left&#8221;]<\/p>\n<p>[button text=&#8221;Wi-Fi Solutions&#8221; style=&#8221;outline&#8221;]<\/p>\n<p>[button text=&#8221;WIRE SOLUTIONS&#8221; style=&#8221;outline&#8221;]<\/p>\n<p>[\/text_box]<\/p>\n<p>[\/ux_banner]<br \/>\n[ux_banner height=&#8221;600px&#8221; bg=&#8221;1121&#8243; bg_overlay=&#8221;rgba(0, 0, 0, 0.05)&#8221; bg_pos=&#8221;67% 70%&#8221;]<\/p>\n<p>[text_box width=&#8221;40&#8243; width__sm=&#8221;100&#8243; animate=&#8221;fadeInLeft&#8221; position_x=&#8221;90&#8243; position_x__sm=&#8221;50&#8243; position_y=&#8221;50&#8243; position_y__sm=&#8221;50&#8243;]<\/p>\n<h3 class=\"alt-font\">A Nice top title<\/h3>\n<h2 class=\"uppercase\" data-animate=\"fadeInLeft\" data-animated=\"true\"><strong>Change this<\/strong><\/h2>\n<h2 class=\"uppercase\"><strong>to Anything<\/strong><\/h2>\n<p class=\"lead\">This can easily be edited in the page builder.<\/p>\n<p>[button text=&#8221;Browse Products&#8221;]<\/p>\n<p>[\/text_box]<\/p>\n<p>[\/ux_banner]<\/p>\n<p>[\/ux_slider]<br \/>\n[row]<\/p>\n<p>[col span=&#8221;4&#8243; span__sm=&#8221;12&#8243;]<\/p>\n<p>[ux_banner height=&#8221;160px&#8221; bg=&#8221;1134&#8243; bg_overlay=&#8221;rgba(186, 186, 186, 0.43)&#8221; bg_pos=&#8221;55% 11%&#8221; hover=&#8221;zoom-fade&#8221; link=&#8221;blog&#8221;]<\/p>\n<p>[text_box position_x=&#8221;50&#8243; position_y=&#8221;50&#8243;]<\/p>\n<h2><a href=\"https:\/\/lagonet.vn\/bai-viet\"><strong><span class=\"uppercase\">c\u00e1c b\u00e0i vi\u1ebft<br \/><span style=\"font-size: 19.584px;\">posts<\/span><\/span><\/strong><\/a><\/h2>\n<p>[divider]<\/p>\n<p>[\/text_box]<\/p>\n<p>[\/ux_banner]<\/p>\n<p>[\/col]<br \/>\n[col span=&#8221;4&#8243; span__sm=&#8221;12&#8243;]<\/p>\n<p>[ux_banner height=&#8221;160px&#8221; bg=&#8221;1135&#8243; bg_overlay=&#8221;rgba(186, 186, 186, 0.43)&#8221; hover=&#8221;zoom-fade&#8221; link=&#8221;http:\/\/localhost:8888\/test\/blog\/&#8221;]<\/p>\n<p>[text_box position_x=&#8221;50&#8243; position_y=&#8221;50&#8243;]<\/p>\n<h2><strong><span class=\"uppercase\">TUY\u1ec2N D\u1ee4NG<br \/>\n<span style=\"font-size: 85%;\">RECRUITMENT<\/span><\/span><\/strong><\/h2>\n<p>[divider]<\/p>\n<p>[\/text_box]<\/p>\n<p>[\/ux_banner]<\/p>\n<p>[\/col]<br \/>\n[col span=&#8221;4&#8243; span__sm=&#8221;12&#8243;]<\/p>\n<p>[ux_banner height=&#8221;160px&#8221; bg=&#8221;1136&#8243; bg_overlay=&#8221;rgba(186, 186, 186, 0.43)&#8221; bg_pos=&#8221;71% 0%&#8221; hover=&#8221;zoom-fade&#8221; link=&#8221;about-us&#8221;]<\/p>\n<p>[text_box position_x=&#8221;50&#8243; position_y=&#8221;50&#8243;]<\/p>\n<h2><a href=\"https:\/\/lagonet.vn\/lien-he\"><strong><span class=\"uppercase\">ch\u00fang t\u00f4i<br \/><span style=\"font-size: 85%;\">about us<\/span><\/span><\/strong><\/a><\/h2>\n<p>[divider]<\/p>\n<p>[\/text_box]<\/p>\n<p>[\/ux_banner]<\/p>\n<p>[\/col]<\/p>\n<p>[\/row]<br \/>\n[title style=&#8221;center&#8221; text=&#8221;weekly featured products&#8221;]<\/p>\n<p>[ux_products products=&#8221;14&#8243; show=&#8221;featured&#8221;]<\/p>\n<p>[title style=&#8221;center&#8221; text=&#8221;Best Selling Products&#8221; size=&#8221;undefined&#8221;]<\/p>\n<p>[ux_products orderby=&#8221;sales&#8221;]<\/p>\n<p>[title style=&#8221;center&#8221; text=&#8221;Browse our categories&#8221;]<\/p>\n<p>[ux_product_categories number=&#8221;20&#8243;]<\/p>\n<p>[gap height=&#8221;40px&#8221;]<\/p>\n<p>[row col_style=&#8221;divided&#8221;]<\/p>\n<p>[col span=&#8221;4&#8243;]<\/p>\n<p>[featured_box img=&#8221;68&#8243; img_width=&#8221;46&#8243; pos=&#8221;center&#8221; title=&#8221;Free Shipping on all orders&#8221; icon_border=&#8221;2&#8243; icon_color=&#8221;rgb(182, 182, 182)&#8221; margin=&#8221;0px 0px 0px 0px&#8221;]<\/p>\n<p>Get Free Shipping on all orders over $75 and free returns to our UK returns centre! Items are dispatched from the US and will arrive in 5-8 days.<\/p>\n<p>[\/featured_box]<\/p>\n<p>[\/col]<br \/>\n[col span=&#8221;4&#8243;]<\/p>\n<p>[featured_box img=&#8221;68&#8243; img_width=&#8221;46&#8243; pos=&#8221;center&#8221; title=&#8221;Amazing customer service&#8221; icon_border=&#8221;2&#8243; icon_color=&#8221;rgb(182, 182, 182)&#8221; margin=&#8221;0px 0px 0px 0px&#8221;]<\/p>\n<p>Get Free Shipping on all orders over $75 and free returns to our UK returns centre! Items are dispatched from the US and will arrive in 5-8 days.<\/p>\n<p>[\/featured_box]<\/p>\n<p>[\/col]<br \/>\n[col span=&#8221;4&#8243;]<\/p>\n<p>[featured_box img=&#8221;68&#8243; img_width=&#8221;46&#8243; pos=&#8221;center&#8221; title=&#8221;No Customs or Duty Fees!&#8221; icon_border=&#8221;2&#8243; icon_color=&#8221;rgb(182, 182, 182)&#8221; margin=&#8221;0px 0px 0px 0px&#8221;]<\/p>\n<p>We pay these fees so you don\u2019t have to! The total billed at checkout is the final amount you pay, inclusive of VAT, with no additional charges at the time of delivery!<\/p>\n<p>[\/featured_box]<\/p>\n<p>[\/col]<\/p>\n<p>[\/row]<br \/>\n[gap height=&#8221;40px&#8221;]<\/p>\n<p>[ux_slider timer=&#8221;2000&#8243;]<\/p>\n<p>[ux_banner height=&#8221;300px&#8221; bg=&#8221;1124&#8243; parallax=&#8221;1&#8243;]<\/p>\n<p>[text_box width=&#8221;78&#8243; position_x=&#8221;50&#8243; position_y=&#8221;50&#8243;]<\/p>\n<p>[testimonial image_width=&#8221;128&#8243; name=&#8221;Lucy Anderson&#8221; company=&#8221;Facebook&#8221; stars=&#8221;3&#8243;]<\/p>\n<p>PBR kogi VHS commodo, single-origin coffee selvage kale chips. Fugiat try-hard ad aesthetic, tofu master cleanse typewriter tote bag accusamus sustainable ennui hella small batch cliche.<\/p>\n<p>[\/testimonial]<\/p>\n<p>[\/text_box]<\/p>\n<p>[\/ux_banner]<br \/>\n[ux_banner height=&#8221;300px&#8221; bg=&#8221;1124&#8243; parallax=&#8221;1&#8243;]<\/p>\n<p>[text_box width=&#8221;80&#8243; position_x=&#8221;50&#8243; position_y=&#8221;50&#8243;]<\/p>\n<p>[testimonial image_width=&#8221;117&#8243; name=&#8221;Rebecca Smith&#8221; company=&#8221;Twitter&#8221; stars=&#8221;3&#8243;]<\/p>\n<p>PBR kogi VHS commodo, single-origin coffee selvage kale chips. Fugiat try-hard ad aesthetic, tofu master cleanse typewriter tote bag accusamus sustainable ennui hella small batch cliche.<\/p>\n<p>[\/testimonial]<\/p>\n<p>[\/text_box]<\/p>\n<p>[\/ux_banner]<br \/>\n[ux_banner height=&#8221;300px&#8221; bg=&#8221;1124&#8243; parallax=&#8221;1&#8243;]<\/p>\n<p>[text_box width=&#8221;80&#8243; position_x=&#8221;50&#8243; position_y=&#8221;50&#8243;]<\/p>\n<p>[testimonial image_width=&#8221;131&#8243; name=&#8221;Jenny Brooks&#8221; company=&#8221;LinkedIn&#8221;]<\/p>\n<p>PBR kogi VHS commodo, single-origin coffee selvage kale chips. Fugiat try-hard ad aesthetic, tofu master cleanse typewriter tote bag accusamus sustainable ennui hella small batch cliche.<\/p>\n<p>[\/testimonial]<\/p>\n<p>[\/text_box]<\/p>\n<p>[\/ux_banner]<\/p>\n<p>[\/ux_slider]<br \/>\n[title style=&#8221;center&#8221; text=&#8221;Latest News&#8221; size=&#8221;undefined&#8221;]<\/p>\n<p>[blog_posts columns__sm=&#8221;1&#8243; animate=&#8221;fadeInLeft&#8221; posts=&#8221;4&#8243; image_height=&#8221;70%&#8221;]<\/p>\n<p>[row]<\/p>\n<p>[col span__sm=&#8221;12&#8243;]<\/p>\n<p>[row_inner]<\/p>\n<p>[col_inner span__sm=&#8221;6&#8243;]<\/p>\n<p>[ux_slider freescroll=&#8221;true&#8221; hide_nav=&#8221;true&#8221; nav_pos=&#8221;outside&#8221; nav_style=&#8221;simple&#8221; timer=&#8221;2000&#8243;]<\/p>\n<p>[logo img=&#8221;1204&#8243; hover=&#8221;color&#8221;]<\/p>\n<p>[logo img=&#8221;1206&#8243; hover=&#8221;color&#8221;]<\/p>\n<p>[logo img=&#8221;1213&#8243; hover=&#8221;color&#8221;]<\/p>\n<p>[logo img=&#8221;1209&#8243; hover=&#8221;color&#8221;]<\/p>\n<p>[logo img=&#8221;1205&#8243; hover=&#8221;color&#8221;]<\/p>\n<p>[logo img=&#8221;1212&#8243; hover=&#8221;color&#8221;]<\/p>\n<p>[logo img=&#8221;1207&#8243; hover=&#8221;color&#8221;]<\/p>\n<p>[logo img=&#8221;1211&#8243; hover=&#8221;color&#8221;]<\/p>\n<p>[logo img=&#8221;1208&#8243; hover=&#8221;color&#8221;]<\/p>\n<p>[logo img=&#8221;1214&#8243; hover=&#8221;color&#8221;]<\/p>\n<p>[logo img=&#8221;1210&#8243; hover=&#8221;color&#8221;]<\/p>\n<p>[\/ux_slider]<\/p>\n<p>[\/col_inner]<\/p>\n<p>[\/row_inner]<\/p>\n<p>[\/col]<\/p>\n<p>[\/row]<\/p>\n","protected":false},"excerpt":{"rendered":"<p>[ux_slider] [ux_banner height=&#8221;600px&#8221; bg=&#8221;1116&#8243; bg_overlay=&#8221;rgba(0, 0, 0, 0.02)&#8221; bg_pos=&#8221;58% 63%&#8221;] [text_box width=&#8221;76&#8243; width__sm=&#8221;100&#8243; animate=&#8221;flipInY&#8221; position_x=&#8221;50&#8243; position_y=&#8221;50&#8243;] Cu\u1ed1i c\u00f9ng n\u00f3 \u0111\u00e3 [&hellip;]<\/p>\n","protected":false},"author":1,"featured_media":68,"parent":0,"menu_order":1,"comment_status":"closed","ping_status":"closed","template":"page-blank.php","meta":{"site-sidebar-layout":"default","site-content-layout":"","ast-site-content-layout":"","site-content-style":"default","site-sidebar-style":"default","ast-global-header-display":"","ast-banner-title-visibility":"","ast-main-header-display":"","ast-hfb-above-header-display":"","ast-hfb-below-header-display":"","ast-hfb-mobile-header-display":"","site-post-title":"","ast-breadcrumbs-content":"","ast-featured-img":"","footer-sml-layout":"","theme-transparent-header-meta":"","adv-header-id-meta":"","stick-header-meta":"","header-above-stick-meta":"","header-main-stick-meta":"","header-below-stick-meta":"","astra-migrate-meta-layouts":"default","ast-page-background-enabled":"default","ast-page-background-meta":{"desktop":{"background-color":"var(--ast-global-color-4)","background-image":"","background-repeat":"repeat","background-position":"center center","background-size":"auto","background-attachment":"scroll","background-type":"","background-media":"","overlay-type":"","overlay-color":"","overlay-opacity":"","overlay-gradient":""},"tablet":{"background-color":"","background-image":"","background-repeat":"repeat","background-position":"center center","background-size":"auto","background-attachment":"scroll","background-type":"","background-media":"","overlay-type":"","overlay-color":"","overlay-opacity":"","overlay-gradient":""},"mobile":{"background-color":"","background-image":"","background-repeat":"repeat","background-position":"center center","background-size":"auto","background-attachment":"scroll","background-type":"","background-media":"","overlay-type":"","overlay-color":"","overlay-opacity":"","overlay-gradient":""}},"ast-content-background-meta":{"desktop":{"background-color":"var(--ast-global-color-5)","background-image":"","background-repeat":"repeat","background-position":"center center","background-size":"auto","background-attachment":"scroll","background-type":"","background-media":"","overlay-type":"","overlay-color":"","overlay-opacity":"","overlay-gradient":""},"tablet":{"background-color":"var(--ast-global-color-5)","background-image":"","background-repeat":"repeat","background-position":"center center","background-size":"auto","background-attachment":"scroll","background-type":"","background-media":"","overlay-type":"","overlay-color":"","overlay-opacity":"","overlay-gradient":""},"mobile":{"background-color":"var(--ast-global-color-5)","background-image":"","background-repeat":"repeat","background-position":"center center","background-size":"auto","background-attachment":"scroll","background-type":"","background-media":"","overlay-type":"","overlay-color":"","overlay-opacity":"","overlay-gradient":""}},"footnotes":""},"class_list":["post-150","page","type-page","status-publish","has-post-thumbnail","hentry"],"_links":{"self":[{"href":"https:\/\/kb.lagonet.vn\/index.php?rest_route=\/wp\/v2\/pages\/150","targetHints":{"allow":["GET"]}}],"collection":[{"href":"https:\/\/kb.lagonet.vn\/index.php?rest_route=\/wp\/v2\/pages"}],"about":[{"href":"https:\/\/kb.lagonet.vn\/index.php?rest_route=\/wp\/v2\/types\/page"}],"author":[{"embeddable":true,"href":"https:\/\/kb.lagonet.vn\/index.php?rest_route=\/wp\/v2\/users\/1"}],"replies":[{"embeddable":true,"href":"https:\/\/kb.lagonet.vn\/index.php?rest_route=%2Fwp%2Fv2%2Fcomments&post=150"}],"version-history":[{"count":0,"href":"https:\/\/kb.lagonet.vn\/index.php?rest_route=\/wp\/v2\/pages\/150\/revisions"}],"wp:featuredmedia":[{"embeddable":true,"href":"https:\/\/kb.lagonet.vn\/index.php?rest_route=\/wp\/v2\/media\/68"}],"wp:attachment":[{"href":"https:\/\/kb.lagonet.vn\/index.php?rest_route=%2Fwp%2Fv2%2Fmedia&parent=150"}],"curies":[{"name":"wp","href":"https:\/\/api.w.org\/{rel}","templated":true}]}}